{"id":89,"date":"2022-09-21T11:07:50","date_gmt":"2022-09-21T09:07:50","guid":{"rendered":"http:\/\/zaginarki.borytucholskie.pl\/?page_id=89"},"modified":"2022-09-21T11:21:50","modified_gmt":"2022-09-21T09:21:50","slug":"uslugi","status":"publish","type":"page","link":"http:\/\/zaginarki.borytucholskie.pl\/index.php\/uslugi\/","title":{"rendered":"Us\u0142ugi"},"content":{"rendered":"\t\t<div data-elementor-type=\"wp-page\" data-elementor-id=\"89\" class=\"elementor elementor-89\">\n\t\t\t\t\t\t\t\t\t<section class=\"elementor-section elementor-top-section elementor-element elementor-element-60a7bb8 elementor-section-boxed elementor-section-height-default elementor-section-height-default\" data-id=\"60a7bb8\" data-element_type=\"section\">\n\t\t\t\t\t\t<div class=\"elementor-container elementor-column-gap-default\">\n\t\t\t\t\t<div class=\"elementor-column elementor-col-100 elementor-top-column elementor-element elementor-element-d04469c\" data-id=\"d04469c\" data-element_type=\"column\">\n\t\t\t<div class=\"elementor-widget-wrap elementor-element-populated\">\n\t\t\t\t\t\t\t\t<div class=\"elementor-element elementor-element-0b541bd elementor-widget elementor-widget-text-editor\" data-id=\"0b541bd\" data-element_type=\"widget\" data-widget_type=\"text-editor.default\">\n\t\t\t\t<div class=\"elementor-widget-container\">\n\t\t\t<style>\/*! elementor - v3.7.7 - 20-09-2022 *\/\n.elementor-widget-text-editor.elementor-drop-cap-view-stacked .elementor-drop-cap{background-color:#818a91;color:#fff}.elementor-widget-text-editor.elementor-drop-cap-view-framed .elementor-drop-cap{color:#818a91;border:3px solid;background-color:transparent}.elementor-widget-text-editor:not(.elementor-drop-cap-view-default) .elementor-drop-cap{margin-top:8px}.elementor-widget-text-editor:not(.elementor-drop-cap-view-default) .elementor-drop-cap-letter{width:1em;height:1em}.elementor-widget-text-editor .elementor-drop-cap{float:left;text-align:center;line-height:1;font-size:50px}.elementor-widget-text-editor .elementor-drop-cap-letter{display:inline-block}<\/style>\t\t\t\t<p><strong>Ci\u0119cie<\/strong><\/p><p>do ci\u0119cia wykorzystujemy no\u017cyce kr\u0105\u017ckowe typu NK-1 oraz no\u017cyce gilotynowe typu NG-1.3, na no\u017cycach mo\u017cna ci\u0105\u0107 blach\u0119 o najwi\u0119kszej grubo\u015bci &#8211; 0.8 mm, nieograniczonej szeroko\u015b\u0107 ci\u0119tego arkusza.<\/p><p><strong>Spawanie<\/strong><\/p><p>ma\u0142ogabarytowe konstrukcje ze stali zwyk\u0142ej jako\u015bci spawane metod\u0105 gazow\u0105, MAG lub elektrodami otulonymi, spawanie aluminium (metali nierdzewnych) metod\u0105 TIG, maksymalny ci\u0119\u017car konstrukcji spawanej do ok. 250 Kg.<\/p><p><strong>Toczenie<\/strong><\/p><p>tokarkami numerycznymi lub konwencjonalnymi, maksymalna d\u0142ugo\u015b\u0107 &#8211; 1500 mm, maksymalna \u015brednica &#8211; 320 mm.<\/p><p><strong>Zaginanie<\/strong><\/p><p>do zaginania wykorzystujemy uniwersaln\u0105 maszyn\u0119 blacharsk\u0105 typu UMB-1, zaginarki typu ZG-2, ZG-2.5, ZG-4, na zaginarkach mo\u017cna zagina\u0107 blachy o najwi\u0119kszej grubo\u015bci zaginane blachy &#8211; 1.2 mm, szeroko\u015bci roboczej &#8211; 2030 mm, najmniejszej d\u0142ugo\u015bci zaginanej blachy &#8211; 10 mm.<\/p><p><strong>Zagniatanie<\/strong><\/p><p>do zagniatania wykorzystujemy zagniatark\u0119 typu ZS-1, na zgniatarce mo\u017cna zagniata\u0107 blachy o najwi\u0119kszej grubo\u015bci zagniatanej blachy &#8211; 0.55 mm, \u015brednicy minimalnej zagniatanej rury &#8211; 80 mm.<\/p><p><strong>Zawijanie<\/strong><\/p><p>do zawijania wykorzystujemy uniwersaln\u0105 maszyn\u0119 blacharsk\u0105 typu UMB-1, zawijarki kraw\u0119dziowe typu PR-20, PR-1.3, ZK-1, na zawijarkach mo\u017cna zawija\u0107 blachy o najwi\u0119kszej grubo\u015bci zawijanej blachy &#8211; 0.8 mm, szeroko\u015bci roboczej &#8211; 1340 mm.<\/p><p><strong>Zwijanie<\/strong><\/p><p>do zwijania wykorzystujemy uniwersaln\u0105 maszyn\u0119 blacharsk\u0105 typu UMB-1, zwijarki do blach ze stojakiem typu MB-50, MB-60, MB-90, na zwijarkach mo\u017cna zwija\u0107 blachy o najwi\u0119kszej grubo\u015bci zwijanej blachy &#8211; 2.0 mm, szeroko\u015bci blachy &#8211; 1250 mm, minimalnej \u015brednicy zwijanej blachy &#8211; 80 mm.<\/p>\t\t\t\t\t\t<\/div>\n\t\t\t\t<\/div>\n\t\t\t\t\t<\/div>\n\t\t<\/div>\n\t\t\t\t\t\t\t<\/div>\n\t\t<\/section>\n\t\t\t\t\t\t\t<\/div>\n\t\t","protected":false},"excerpt":{"rendered":"<p>Ci\u0119cie do ci\u0119cia wykorzystujemy no\u017cyce kr\u0105\u017ckowe typu NK-1 oraz no\u017cyce gilotynowe typu NG-1.3, na no\u017cycach mo\u017cna ci\u0105\u0107 blach\u0119 o najwi\u0119kszej grubo\u015bci &#8211; 0.8 mm, nieograniczonej szeroko\u015b\u0107 ci\u0119tego arkusza. Spawanie ma\u0142ogabarytowe konstrukcje ze stali zwyk\u0142ej jako\u015bci spawane metod\u0105 gazow\u0105, MAG lub elektrodami otulonymi, spawanie aluminium (metali nierdzewnych) metod\u0105 TIG, maksymalny ci\u0119\u017car konstrukcji spawanej do ok. 250 [&hellip;]<\/p>\n","protected":false},"author":1,"featured_media":0,"parent":0,"menu_order":0,"comment_status":"closed","ping_status":"closed","template":"","meta":{"footnotes":""},"class_list":["post-89","page","type-page","status-publish","hentry","entry"],"_links":{"self":[{"href":"http:\/\/zaginarki.borytucholskie.pl\/index.php\/wp-json\/wp\/v2\/pages\/89","targetHints":{"allow":["GET"]}}],"collection":[{"href":"http:\/\/zaginarki.borytucholskie.pl\/index.php\/wp-json\/wp\/v2\/pages"}],"about":[{"href":"http:\/\/zaginarki.borytucholskie.pl\/index.php\/wp-json\/wp\/v2\/types\/page"}],"author":[{"embeddable":true,"href":"http:\/\/zaginarki.borytucholskie.pl\/index.php\/wp-json\/wp\/v2\/users\/1"}],"replies":[{"embeddable":true,"href":"http:\/\/zaginarki.borytucholskie.pl\/index.php\/wp-json\/wp\/v2\/comments?post=89"}],"version-history":[{"count":10,"href":"http:\/\/zaginarki.borytucholskie.pl\/index.php\/wp-json\/wp\/v2\/pages\/89\/revisions"}],"predecessor-version":[{"id":99,"href":"http:\/\/zaginarki.borytucholskie.pl\/index.php\/wp-json\/wp\/v2\/pages\/89\/revisions\/99"}],"wp:attachment":[{"href":"http:\/\/zaginarki.borytucholskie.pl\/index.php\/wp-json\/wp\/v2\/media?parent=89"}],"curies":[{"name":"wp","href":"https:\/\/api.w.org\/{rel}","templated":true}]}}